{"id":98043,"date":"2022-01-31T07:27:50","date_gmt":"2022-01-31T07:27:50","guid":{"rendered":"https:\/\/theultimatedivi.com\/divijewelry\/?page_id=442"},"modified":"2026-01-12T10:15:27","modified_gmt":"2026-01-12T09:15:27","slug":"pravila-privatnosti","status":"publish","type":"page","link":"https:\/\/alba-derm.com\/en\/privacy-policy\/","title":{"rendered":"Privacy Policy"},"content":{"rendered":"<p>[et_pb_section fb_built=&#8221;1&#8243; admin_label=&#8221;Header&#8221; _builder_version=&#8221;4.27.5&#8243; _module_preset=&#8221;default&#8221; background_color=&#8221;#222222&#8243; background_enable_color=&#8221;off&#8221; use_background_color_gradient=&#8221;on&#8221; background_color_gradient_stops=&#8221;rgba(0,0,0,0) 0%|rgba(0,0,0,0.15) 99%&#8221; background_image=&#8221;https:\/\/alba-derm.com\/wp-content\/uploads\/woman4-e1742824578693.webp&#8221; background_blend=&#8221;soft-light&#8221; global_module=&#8221;100167&#8243; locked=&#8221;off&#8221; global_colors_info=&#8221;{}&#8221;][et_pb_row _builder_version=&#8221;4.27.4&#8243; _module_preset=&#8221;default&#8221; width=&#8221;90%&#8221; max_width=&#8221;1200px&#8221; global_colors_info=&#8221;{}&#8221;][et_pb_column type=&#8221;4_4&#8243; _builder_version=&#8221;4.27.4&#8243; _module_preset=&#8221;default&#8221; custom_padding=&#8221;75px||75px||true|false&#8221; custom_padding_tablet=&#8221;0px||0px||true|false&#8221; custom_padding_phone=&#8221;0px||0px||true|false&#8221; custom_padding_last_edited=&#8221;on|phone&#8221; global_colors_info=&#8221;{}&#8221;][et_pb_text module_class=&#8221;jewelry_headertext&#8221; _builder_version=&#8221;4.27.5&#8243; _dynamic_attributes=&#8221;content&#8221; _module_preset=&#8221;default&#8221; text_font=&#8221;Poppins||||||||&#8221; text_text_color=&#8221;#FFFFFF&#8221; text_font_size=&#8221;81px&#8221; text_letter_spacing=&#8221;12px&#8221; text_line_height=&#8221;90px&#8221; text_orientation=&#8221;center&#8221; text_font_size_tablet=&#8221;30px&#8221; text_font_size_phone=&#8221;24px&#8221; text_font_size_last_edited=&#8221;on|tablet&#8221; text_line_height_tablet=&#8221;45px&#8221; text_line_height_phone=&#8221;32px&#8221; text_line_height_last_edited=&#8221;on|tablet&#8221; custom_css_main_element=&#8221;position: relative;||&#8221; global_colors_info=&#8221;{}&#8221; header_text_color__hover_enabled=&#8221;off|desktop&#8221;]@ET-DC@eyJkeW5hbWljIjp0cnVlLCJjb250ZW50IjoicG9zdF90aXRsZSIsInNldHRpbmdzIjp7ImJlZm9yZSI6IiIsImFmdGVyIjoiIn19@[\/et_pb_text][\/et_pb_column][\/et_pb_row][\/et_pb_section][et_pb_section fb_built=&#8221;1&#8243; admin_label=&#8221;Privacy Policy&#8221; _builder_version=&#8221;4.16&#8243; _module_preset=&#8221;default&#8221; global_colors_info=&#8221;{}&#8221;][et_pb_row custom_padding_last_edited=&#8221;on|phone&#8221; _builder_version=&#8221;4.16&#8243; _module_preset=&#8221;default&#8221; width=&#8221;90%&#8221; max_width=&#8221;1200px&#8221; custom_padding=&#8221;||0px||false|false&#8221; custom_padding_tablet=&#8221;&#8221; custom_padding_phone=&#8221;||0px||false|false&#8221; locked=&#8221;off&#8221; global_colors_info=&#8221;{}&#8221;][et_pb_column type=&#8221;4_4&#8243; _builder_version=&#8221;4.16&#8243; _module_preset=&#8221;default&#8221; global_colors_info=&#8221;{}&#8221;][et_pb_text module_class=&#8221;jewelry_text&#8221; _builder_version=&#8221;4.27.4&#8243; _module_preset=&#8221;default&#8221; text_font=&#8221;Poppins||||||||&#8221; text_font_size=&#8221;30px&#8221; text_line_height=&#8221;1.2em&#8221; text_orientation=&#8221;center&#8221; custom_margin=&#8221;||15px||false|false&#8221; text_font_size_tablet=&#8221;30px&#8221; text_font_size_phone=&#8221;24px&#8221; text_font_size_last_edited=&#8221;on|phone&#8221; content_en_us=&#8221;<\/p>\n<p>Privacy Policy<\/p>\n<p>&#8221; global_colors_info=&#8221;{}&#8221;]<\/p>\n<p>Politika privatnosti<\/p>\n<p>[\/et_pb_text][\/et_pb_column][\/et_pb_row][et_pb_row _builder_version=&#8221;4.16&#8243; _module_preset=&#8221;default&#8221; width=&#8221;90%&#8221; max_width=&#8221;1200px&#8221; global_colors_info=&#8221;{}&#8221;][et_pb_column type=&#8221;4_4&#8243; _builder_version=&#8221;4.16&#8243; _module_preset=&#8221;default&#8221; global_colors_info=&#8221;{}&#8221;][et_pb_text _builder_version=&#8221;4.27.4&#8243; _module_preset=&#8221;default&#8221; text_font=&#8221;Poppins|300|||||||&#8221; text_text_color=&#8221;#555555&#8243; link_font=&#8221;Poppins|600|||||||&#8221; link_text_color=&#8221;#222222&#8243; custom_margin=&#8221;||15px||false|false&#8221; text_orientation_tablet=&#8221;center&#8221; text_orientation_phone=&#8221;center&#8221; text_orientation_last_edited=&#8221;on|tablet&#8221; content_en_us=&#8221;<\/p>\n<p>This Privacy Policy describes the policies of Poliklinika Alabdulla Polyclinic d.o.o., Ulica kneza Branimira 28, 10040 Zagreb, <br \/>email: <a href=%22mailto:info@alba-derm.com%22 data-et-target-link=%22_blank%22 rel=%22noopener%22>info@alba-derm.com<\/a>, phone: <a href=%22tel:+38514059203%22 data-et-target-link=%22_blank%22 rel=%22noopener%22>+385 1 405 9203<\/a>,<br \/>regarding the collection, use, and disclosure of your data when using our webstore (https:\/\/alba-derm.com\/en\/) &#8211; hereinafter: %22Service%22.<\/p>\n<p>By accessing or using the Service, you agree to the collection, use, and disclosure of your data in accordance with this Privacy Policy. If you do not agree, please do not access or use the Service.<\/p>\n<p>This Privacy Policy may be updated at any time without prior notice. Revised policies will be posted on the Service and will take effect 30 days after publication. Continued access or use of the Service after that date constitutes your acceptance of the updated Privacy Policy. We recommend reviewing this page periodically.<\/p>\n<\/p>\n<p>&#8221; global_colors_info=&#8221;{}&#8221;]<\/p>\n<p>Ova Politika privatnosti opisuje politiku tvrtke Poliklinika Alabdulla d.o.o., Ulica kneza Branimira 28, 10040 Zagreb,<br \/>e-mail: <a href=\"mailto:info@alba-derm.com\" target=\"_blank\" rel=\"noopener\">info@alba-derm.com<\/a>, telefon: <a href=\"tel:+38514059203\" target=\"_blank\" rel=\"noopener\">+385 1 405 9203<\/a>,<br \/>o prikupljanju, kori\u0161tenju i otkrivanju Va\u0161ih podataka koje prikupljamo prilikom kori\u0161tenja na\u0161eg webstorea (https:\/\/alba-derm.com\/) &#8211; u nastavku: &#8220;Usluga&#8221;.<\/p>\n<p>Pristupanjem ili kori\u0161tenjem Usluge pristajete na prikupljanje, kori\u0161tenje i otkrivanje va\u0161ih podataka u skladu s ovom Politikom privatnosti. Ako ne pristajete na isto, molimo vas da ne pristupate ili koristite Uslugu.<\/p>\n<p>Politika privatnosti mo\u017ee se izmijeniti u bilo kojem trenutku bez prethodne obavijesti. Revidirana Politika bit \u0107e objavljena na Usluzi i stupit \u0107e na snagu 30 dana nakon objave. Kontinuirani pristup ili kori\u0161tenje Usluge nakon toga predstavlja va\u0161e prihva\u0107anje revidirane Politike. Preporu\u010dujemo da povremeno pregledavate ovu stranicu.<\/p>\n<p>&nbsp;<\/p>\n<p>[\/et_pb_text][et_pb_text module_class=&#8221;jewelrypolicy_section2_text&#8221; _builder_version=&#8221;4.27.4&#8243; _module_preset=&#8221;default&#8221; text_font=&#8221;Poppins|300|||||||&#8221; text_text_color=&#8221;#555555&#8243; link_font=&#8221;Poppins|600|||||||&#8221; link_text_color=&#8221;#222222&#8243; custom_margin=&#8221;||15px||false|false&#8221; text_orientation_tablet=&#8221;center&#8221; text_orientation_phone=&#8221;center&#8221; text_orientation_last_edited=&#8221;on|tablet&#8221; content_en_us=&#8221;<\/p>\n<h2>Information We Collect<\/h2>\n<p>We may collect and process the following personal information:<\/p>\n<ul>\n<li>Full name<\/li>\n<li>Email address<\/li>\n<li>Order details (items, quantities, amounts, delivery address)<\/li>\n<li>Payment information (processed securely through third parties like CorvusPay or credit card processors)<\/li>\n<\/ul>\n<p>\u00a0<\/p>\n<h2>How We Use Your Data<\/h2>\n<p>Your data is used for:<\/p>\n<ul>\n<li>Managing orders and customer support<\/li>\n<li>Payment processing and order delivery<\/li>\n<li>Communication regarding orders, promotions, and support<\/li>\n<li>Providing a personalized shopping experience<\/li>\n<\/ul>\n<p>If we intend to use your data for other purposes, we will ask for your consent and use it only for the purposes for which consent was given, unless legally required otherwise.<\/p>\n<p>\u00a0<\/p>\n<h2>How We Share Your Data<\/h2>\n<p>We will not share your personal information with third parties without your consent, except in the following cases:<\/p>\n<ul>\n<li>Analytics and marketing (third parties are required to use data solely for the purpose provided)<\/li>\n<li>Disclosure required by applicable laws or court orders<\/li>\n<li>Enforcement of contracts and protection of our rights (e.g., handling complaints and claims)<\/li>\n<\/ul>\n<p>\u00a0<\/p>\n<h2>Data Retention<\/h2>\n<p>Your personal data will be retained:<\/p>\n<ul>\n<li>90 days to 2 years after an account is inactive, or as long as needed to fulfill the purposes for which it was collected<\/li>\n<li>Longer if required for legal obligations, record-keeping, reporting, or protecting company rights<\/li>\n<\/ul>\n<p>\u00a0<\/p>\n<h2>Your Rights<\/h2>\n<p>Depending on applicable law, you may have the right to:<\/p>\n<ul>\n<li>Access and correct your personal data<\/li>\n<li>Request deletion of your data<\/li>\n<li>Restrict or object to the processing of your data<\/li>\n<li>Transfer your data to another party<\/li>\n<li>Withdraw consent at any time<\/li>\n<li>Submit complaints to the competent authority<\/li>\n<\/ul>\n<p>To exercise your rights, contact us at <a href=%22mailto:info@alba-derm.com%22 data-et-target-link=%22_blank%22 rel=%22noopener%22>info@alba-derm.com<\/a>.<\/p>\n<p>Note: If you do not allow the collection or processing of your data, you may not be able to access or use certain features of the webstore.<\/p>\n<p>\u00a0<\/p>\n<h2>Cookies and Similar Technologies<\/h2>\n<p>For more information on cookies and your choices, see our <a href=%22https:\/\/alba-derm.com\/en\/cookie-policy\/%22 data-et-target-link=%22_blank%22 rel=%22noopener%22>Cookie Policy<\/a>.<\/p>\n<p>\u00a0<\/p>\n<h2>Security<\/h2>\n<p>We use reasonable security measures to protect your data, but absolute security cannot be guaranteed due to the inherent risks of the internet.<\/p>\n<p>\u00a0<\/p>\n<h2>Third-Party Links<\/h2>\n<p>The Service may contain links to third-party websites. This Privacy Policy does not apply to third parties. We advise reviewing the privacy policies of any third-party websites you visit.<\/p>\n<p>\u00a0<\/p>\n<p>&#8221; locked=&#8221;off&#8221; global_colors_info=&#8221;{}&#8221;]<\/p>\n<h2>Podaci koje prikupljamo<\/h2>\n<p>Prikupljat \u0107emo i obra\u0111ivati sljede\u0107e osobne podatke:<\/p>\n<ul>\n<li>Ime i prezime<\/li>\n<li>E-mail adresa<\/li>\n<li>Podaci o narud\u017ebama (artikli, koli\u010dine, iznos, adresa dostave)<\/li>\n<li>Podaci o pla\u0107anju (osigurani putem tre\u0107ih strana poput CorvusPay ili karti\u010dnih procesora)<\/li>\n<\/ul>\n<p>&nbsp;<\/p>\n<h2>Kako koristimo va\u0161e podatke<\/h2>\n<p>Podatke koristimo za:<\/p>\n<ul>\n<li>Upravljanje narud\u017ebama i kupcima<\/li>\n<li>Obradu pla\u0107anja i dostavu narud\u017ebi<\/li>\n<li>Komunikaciju vezanu uz narud\u017ebe, promocije i podr\u0161ku<\/li>\n<li>Pru\u017eanje personaliziranog iskustva kupnje<\/li>\n<\/ul>\n<p>Ako \u017eelimo koristiti va\u0161e podatke u druge svrhe, zatra\u017eit \u0107emo va\u0161 pristanak i koristiti ih samo u svrhe za koje ste dali privolu, osim ako po zakonu nismo du\u017eni u\u010diniti druga\u010dije.<\/p>\n<p>&nbsp;<\/p>\n<h2>Kako dijelimo va\u0161e podatke<\/h2>\n<p>Ne\u0107emo prenositi va\u0161e osobne podatke tre\u0107im stranama bez va\u0161eg pristanka, osim u sljede\u0107im slu\u010dajevima:<\/p>\n<ul>\n<li>Analitika i marketing (uz garanciju da se podaci koriste isklju\u010divo za navedenu svrhu)<\/li>\n<li>Objava podataka u skladu s primjenjivim zakonima ili sudskim nalozima<\/li>\n<li>Provedba ugovora i za\u0161tita na\u0161ih prava (npr. rje\u0161avanje pritu\u017ebi i reklamacija)<\/li>\n<\/ul>\n<p>&nbsp;<\/p>\n<h2>Zadr\u017eavanje podataka<\/h2>\n<p>Va\u0161e osobne podatke \u010duvamo:<\/p>\n<ul>\n<li>90 dana do 2 godine nakon \u0161to korisni\u010dki ra\u010dun ostane neaktivan, ili dok su nam potrebni za svrhe prikupljanja<\/li>\n<li>Dulje, ako je potrebno za zakonske obveze, vo\u0111enje evidencije, izvje\u0161tavanje ili za\u0161titu prava tvrtke<\/li>\n<\/ul>\n<p>&nbsp;<\/p>\n<h2>Va\u0161a prava<\/h2>\n<p>Ovisno o zakonu, imate pravo na:<\/p>\n<ul>\n<li>Pristup i ispravak svojih osobnih podataka<\/li>\n<li>Brisanje podataka<\/li>\n<li>Ograni\u010denje ili prigovor na obradu podataka<\/li>\n<li>Prijenos podataka tre\u0107oj strani<\/li>\n<li>Povla\u010denje privole u bilo kojem trenutku<\/li>\n<li>Podno\u0161enje pritu\u017ebe nadle\u017enom tijelu<\/li>\n<\/ul>\n<p>Za ostvarivanje prava kontaktirajte <a href=\"mailto:info@alabderm.com\" target=\"_blank\" rel=\"noopener\">info@alabderm.com<\/a>.<\/p>\n<p>Napomena: Ako ne dopustite prikupljanje ili obradu podataka, mo\u017eda ne\u0107ete mo\u0107i koristiti odre\u0111ene funkcionalnosti webstorea.<\/p>\n<p>&nbsp;<\/p>\n<h2>Kola\u010di\u0107i i sli\u010dne tehnologije<\/h2>\n<p>Za vi\u0161e informacija o kola\u010di\u0107ima i va\u0161im izborima u vezi s njima, pogledajte na\u0161u <a href=\"https:\/\/alba-derm.com\/politika-kolacica\/\" target=\"_blank\" rel=\"noopener\">Politiku kola\u010di\u0107a<\/a>.<\/p>\n<p>&nbsp;<\/p>\n<h2>Sigurnost<\/h2>\n<p>Koristimo razumne sigurnosne mjere za za\u0161titu va\u0161ih podataka, ali ne mo\u017eemo jam\u010diti apsolutnu sigurnost zbog inherentnih rizika interneta.<\/p>\n<p>&nbsp;<\/p>\n<h2>Veze tre\u0107ih strana<\/h2>\n<p>Na\u0161a Usluga mo\u017ee sadr\u017eavati poveznice na tre\u0107e strane. Politika privatnosti webstorea ne odnosi se na tre\u0107e strane. Savjetujemo da pregledate pravila privatnosti svake web stranice koju posjetite.<\/p>\n<p>&nbsp;<\/p>\n<p>[\/et_pb_text][et_pb_text module_class=&#8221;jewelrypolicy_section2_text&#8221; _builder_version=&#8221;4.27.4&#8243; _module_preset=&#8221;default&#8221; text_font=&#8221;Poppins|300|||||||&#8221; text_text_color=&#8221;#555555&#8243; link_font=&#8221;Poppins|600|||||||&#8221; link_text_color=&#8221;#222222&#8243; custom_margin=&#8221;||15px||false|false&#8221; text_orientation_tablet=&#8221;center&#8221; text_orientation_phone=&#8221;center&#8221; text_orientation_last_edited=&#8221;on|tablet&#8221; content_en_us=&#8221;<\/p>\n<h2>Data Protection Officer<\/h2>\n<p>If you have questions or concerns about the processing of your data, contact us at <a href=%22mailto:info@alba-derm.com%22 data-et-target-link=%22_blank%22 rel=%22noopener%22>info@alba-derm.com<\/a> or phone <a href=%22tel:+38514059203%22 data-et-target-link=%22_blank%22 rel=%22noopener%22>+385 1 405 9203<\/a>.<\/p>\n<\/p>\n<p>&#8221; locked=&#8221;off&#8221; global_colors_info=&#8221;{}&#8221;]<\/p>\n<h2>Slu\u017ebenik za za\u0161titu podataka<\/h2>\n<p>Ako imate pitanja ili nedoumice o obradi va\u0161ih podataka, kontaktirajte nas na <a href=\"mailto:info@alba-derm.com\" target=\"_blank\" rel=\"noopener\">info@alba-derm.com<\/a> ili telefon <a href=\"tel:+38514059203\" target=\"_blank\" rel=\"noopener\">+385 1 405 9203<\/a>.<\/p>\n<p>&nbsp;<\/p>\n<p>[\/et_pb_text][\/et_pb_column][\/et_pb_row][\/et_pb_section]<\/p>\n","protected":false},"excerpt":{"rendered":"<p>Politika privatnostiOva Politika privatnosti opisuje politiku tvrtke Poliklinika Alabdulla d.o.o., Ulica kneza Branimira 28, 10040 Zagreb,e-mail: info@alba-derm.com, telefon: +385 1 405 9203,o prikupljanju, kori\u0161tenju i otkrivanju Va\u0161ih podataka koje prikupljamo prilikom kori\u0161tenja na\u0161eg webstorea (https:\/\/alba-derm.com\/) &#8211; u nastavku: &#8220;Usluga&#8221;. Pristupanjem ili kori\u0161tenjem Usluge pristajete na prikupljanje, kori\u0161tenje i otkrivanje va\u0161ih podataka u skladu s ovom [&hellip;]<\/p>\n","protected":false},"author":1,"featured_media":0,"parent":0,"menu_order":0,"comment_status":"closed","ping_status":"closed","template":"","meta":{"_et_pb_use_builder":"on","_et_pb_old_content":"","_et_gb_content_width":"","footnotes":""},"class_list":["post-98043","page","type-page","status-publish","hentry"],"_links":{"self":[{"href":"https:\/\/alba-derm.com\/en\/wp-json\/wp\/v2\/pages\/98043","targetHints":{"allow":["GET"]}}],"collection":[{"href":"https:\/\/alba-derm.com\/en\/wp-json\/wp\/v2\/pages"}],"about":[{"href":"https:\/\/alba-derm.com\/en\/wp-json\/wp\/v2\/types\/page"}],"author":[{"embeddable":true,"href":"https:\/\/alba-derm.com\/en\/wp-json\/wp\/v2\/users\/1"}],"replies":[{"embeddable":true,"href":"https:\/\/alba-derm.com\/en\/wp-json\/wp\/v2\/comments?post=98043"}],"version-history":[{"count":8,"href":"https:\/\/alba-derm.com\/en\/wp-json\/wp\/v2\/pages\/98043\/revisions"}],"predecessor-version":[{"id":100893,"href":"https:\/\/alba-derm.com\/en\/wp-json\/wp\/v2\/pages\/98043\/revisions\/100893"}],"wp:attachment":[{"href":"https:\/\/alba-derm.com\/en\/wp-json\/wp\/v2\/media?parent=98043"}],"curies":[{"name":"wp","href":"https:\/\/api.w.org\/{rel}","templated":true}]}}