{"id":100631,"date":"2025-09-26T12:24:36","date_gmt":"2025-09-26T10:24:36","guid":{"rendered":"https:\/\/alba-derm.com\/?page_id=100631"},"modified":"2026-01-12T10:15:04","modified_gmt":"2026-01-12T09:15:04","slug":"politika-kolacica","status":"publish","type":"page","link":"https:\/\/alba-derm.com\/en\/cookie-policy\/","title":{"rendered":"Cookie Policy"},"content":{"rendered":"<p>[et_pb_section fb_built=&#8221;1&#8243; admin_label=&#8221;Header&#8221; _builder_version=&#8221;4.27.5&#8243; _module_preset=&#8221;default&#8221; background_color=&#8221;#222222&#8243; background_enable_color=&#8221;off&#8221; use_background_color_gradient=&#8221;on&#8221; background_color_gradient_stops=&#8221;rgba(0,0,0,0) 0%|rgba(0,0,0,0.15) 99%&#8221; background_image=&#8221;https:\/\/alba-derm.com\/wp-content\/uploads\/woman4-e1742824578693.webp&#8221; background_blend=&#8221;soft-light&#8221; global_module=&#8221;100167&#8243; locked=&#8221;off&#8221; global_colors_info=&#8221;{}&#8221;][et_pb_row _builder_version=&#8221;4.27.4&#8243; _module_preset=&#8221;default&#8221; width=&#8221;90%&#8221; max_width=&#8221;1200px&#8221; global_colors_info=&#8221;{}&#8221;][et_pb_column type=&#8221;4_4&#8243; _builder_version=&#8221;4.27.4&#8243; _module_preset=&#8221;default&#8221; custom_padding=&#8221;75px||75px||true|false&#8221; custom_padding_tablet=&#8221;0px||0px||true|false&#8221; custom_padding_phone=&#8221;0px||0px||true|false&#8221; custom_padding_last_edited=&#8221;on|phone&#8221; global_colors_info=&#8221;{}&#8221;][et_pb_text module_class=&#8221;jewelry_headertext&#8221; _builder_version=&#8221;4.27.5&#8243; _dynamic_attributes=&#8221;content&#8221; _module_preset=&#8221;default&#8221; text_font=&#8221;Poppins||||||||&#8221; text_text_color=&#8221;#FFFFFF&#8221; text_font_size=&#8221;81px&#8221; text_letter_spacing=&#8221;12px&#8221; text_line_height=&#8221;90px&#8221; text_orientation=&#8221;center&#8221; text_font_size_tablet=&#8221;30px&#8221; text_font_size_phone=&#8221;24px&#8221; text_font_size_last_edited=&#8221;on|tablet&#8221; text_line_height_tablet=&#8221;45px&#8221; text_line_height_phone=&#8221;32px&#8221; text_line_height_last_edited=&#8221;on|tablet&#8221; custom_css_main_element=&#8221;position: relative;||&#8221; global_colors_info=&#8221;{}&#8221; header_text_color__hover_enabled=&#8221;off|desktop&#8221;]@ET-DC@eyJkeW5hbWljIjp0cnVlLCJjb250ZW50IjoicG9zdF90aXRsZSIsInNldHRpbmdzIjp7ImJlZm9yZSI6IiIsImFmdGVyIjoiIn19@[\/et_pb_text][\/et_pb_column][\/et_pb_row][\/et_pb_section][et_pb_section fb_built=&#8221;1&#8243; admin_label=&#8221;Privacy Policy&#8221; _builder_version=&#8221;4.16&#8243; _module_preset=&#8221;default&#8221; global_colors_info=&#8221;{}&#8221;][et_pb_row custom_padding_last_edited=&#8221;on|phone&#8221; _builder_version=&#8221;4.16&#8243; _module_preset=&#8221;default&#8221; width=&#8221;90%&#8221; max_width=&#8221;1200px&#8221; custom_padding=&#8221;||0px||false|false&#8221; custom_padding_tablet=&#8221;&#8221; custom_padding_phone=&#8221;||0px||false|false&#8221; locked=&#8221;off&#8221; global_colors_info=&#8221;{}&#8221;][et_pb_column type=&#8221;4_4&#8243; _builder_version=&#8221;4.16&#8243; _module_preset=&#8221;default&#8221; global_colors_info=&#8221;{}&#8221;][et_pb_text module_class=&#8221;jewelry_text&#8221; _builder_version=&#8221;4.27.4&#8243; _module_preset=&#8221;default&#8221; text_font=&#8221;Poppins||||||||&#8221; text_font_size=&#8221;30px&#8221; text_line_height=&#8221;1.2em&#8221; text_orientation=&#8221;center&#8221; custom_margin=&#8221;||15px||false|false&#8221; text_font_size_tablet=&#8221;30px&#8221; text_font_size_phone=&#8221;24px&#8221; text_font_size_last_edited=&#8221;on|phone&#8221; content_en_us=&#8221;<\/p>\n<p>Cookie Policy<\/p>\n<p>&#8221; global_colors_info=&#8221;{}&#8221;]<\/p>\n<p>Politika kola\u010di\u0107a<\/p>\n<p>[\/et_pb_text][\/et_pb_column][\/et_pb_row][et_pb_row _builder_version=&#8221;4.16&#8243; _module_preset=&#8221;default&#8221; width=&#8221;90%&#8221; max_width=&#8221;1200px&#8221; global_colors_info=&#8221;{}&#8221;][et_pb_column type=&#8221;4_4&#8243; _builder_version=&#8221;4.16&#8243; _module_preset=&#8221;default&#8221; global_colors_info=&#8221;{}&#8221;][et_pb_text _builder_version=&#8221;4.27.4&#8243; _module_preset=&#8221;default&#8221; text_font=&#8221;Poppins|300|||||||&#8221; text_text_color=&#8221;#555555&#8243; link_font=&#8221;Poppins|600|||||||&#8221; link_text_color=&#8221;#222222&#8243; custom_margin=&#8221;||15px||false|false&#8221; text_orientation_tablet=&#8221;center&#8221; text_orientation_phone=&#8221;center&#8221; text_orientation_last_edited=&#8221;on|tablet&#8221; content_en_us=&#8221;<\/p>\n<p>At Alba-Derm webstore, we use cookies and similar technologies to enhance your shopping experience, analyze visits, and personalize content. Cookies help us understand how you interact with our webstore and allow you to control your privacy settings.<\/p>\n<\/p>\n<p>&#8221; global_colors_info=&#8221;{}&#8221;]<\/p>\n<p>Na Alba-Derm webstoreu koristimo kola\u010di\u0107e i sli\u010dne tehnologije za pobolj\u0161anje iskustva kupovine, analizu posjeta i personalizaciju sadr\u017eaja. Kola\u010di\u0107i nam poma\u017eu da razumijemo kako koristite na\u0161 webstore i omogu\u0107ujemo vam kontrolu nad va\u0161im postavkama privatnosti.<\/p>\n<p>&nbsp;<\/p>\n<p>[\/et_pb_text][et_pb_text module_class=&#8221;jewelrypolicy_section2_text&#8221; _builder_version=&#8221;4.27.4&#8243; _module_preset=&#8221;default&#8221; text_font=&#8221;Poppins|300|||||||&#8221; text_text_color=&#8221;#555555&#8243; link_font=&#8221;Poppins|600|||||||&#8221; link_text_color=&#8221;#222222&#8243; custom_margin=&#8221;||15px||false|false&#8221; text_orientation_tablet=&#8221;center&#8221; text_orientation_phone=&#8221;center&#8221; text_orientation_last_edited=&#8221;on|tablet&#8221; content_en_us=&#8221;<\/p>\n<h2>What are cookies?<\/h2>\n<p>Cookies are small text files stored on your device when you visit our webstore. They help Alba-Derm ensure the website functions properly, improve security, enhance user experience, and analyze website performance.<\/p>\n<\/p>\n<h2>How we use cookies<\/h2>\n<p>Alba-Derm webstore uses first-party and third-party cookies for various purposes:<\/p>\n<ul>\n<li>First-party cookies \u2013 necessary for proper website functionality; they do not collect personally identifiable information.<\/li>\n<li>Third-party cookies \u2013 help track website performance, understand user interaction, secure our services, provide personalized ads, and improve your overall user experience.<\/li>\n<\/ul>\n<h2>Types of cookies we use<\/h2>\n<ul>\n<li>Essential cookies \u2013 enable basic website functions.<\/li>\n<li>Analytical cookies \u2013 help us understand how the website is used.<\/li>\n<li>Functional cookies \u2013 allow personalized features and enhanced interactions.<\/li>\n<li>Marketing cookies \u2013 deliver relevant advertisements.<\/li>\n<\/ul>\n<h2>Managing cookies<\/h2>\n<p>You can change your cookie preferences anytime using the cookie management button on our webstore. Additionally, you can block or delete cookies via your browser settings:<\/p>\n<ul>\n<li>Chrome: <a href=%22https:\/\/support.google.com\/accounts\/answer\/32050%22 data-et-target-link=%22_blank%22 rel=%22noopener%22>instructions<\/a><\/li>\n<li>Safari: <a href=%22https:\/\/support.apple.com\/en-in\/guide\/safari\/sfri11471\/mac%22 data-et-target-link=%22_blank%22 rel=%22noopener%22>instructions<\/a><\/li>\n<li>Firefox: <a href=%22https:\/\/support.mozilla.org\/en-US\/kb\/clear-cookies-and-site-data-firefox?redirectslug=delete-cookies-remove-info-websites-stored&#038;redirectlocale=en-US%22 data-et-target-link=%22_blank%22 rel=%22noopener%22>instructions<\/a><\/li>\n<li>Microsoft Edge: <a href=%22https:\/\/support.microsoft.com\/en-us\/windows\/manage-cookies-in-microsoft-edge-view-allow-block-delete-and-use-168dab11-0753-043d-7c16-ede5947fc64d%22 data-et-target-link=%22_blank%22 rel=%22noopener%22>instructions<\/a><\/li>\n<\/ul>\n<p>For other browsers, please check the official support documentation.<\/p>\n<\/p>\n<p>&#8221; locked=&#8221;off&#8221; global_colors_info=&#8221;{}&#8221;]<\/p>\n<h2>\u0160to su kola\u010di\u0107i?<\/h2>\n<p>Kola\u010di\u0107i su male tekstualne datoteke koje se pohranjuju na va\u0161 ure\u0111aj kada posjetite na\u0161 webstore. Poma\u017eu nam da webstore ispravno funkcionira, u\u010dinimo ga sigurnijim, pobolj\u0161amo korisni\u010dko iskustvo te analiziramo njegovu funkcionalnost i u\u010dinkovitost.<\/p>\n<p>&nbsp;<\/p>\n<h2>Kako koristimo kola\u010di\u0107e?<\/h2>\n<p>Na Alba-Derm webstoreu koristimo prve i tre\u0107e strane kola\u010di\u0107e u razli\u010dite svrhe:<\/p>\n<ul>\n<li>Prvi kola\u010di\u0107i (first-party cookies) \u2013 potrebni su za ispravno funkcioniranje webstorea i ne prikupljaju va\u0161e osobne podatke.<\/li>\n<li>Tre\u0107i kola\u010di\u0107i (third-party cookies) \u2013 koriste se za pra\u0107enje performansi webstorea, razumijevanje na\u010dina kori\u0161tenja, sigurnost, personalizirane oglase i pobolj\u0161anje korisni\u010dkog iskustva.<\/li>\n<\/ul>\n<p>&nbsp;<\/p>\n<h2>Vrste kola\u010di\u0107a koje koristimo<\/h2>\n<ul>\n<li>Neophodni kola\u010di\u0107i \u2013 omogu\u0107uju osnovnu funkcionalnost webstorea.<\/li>\n<li>Analiti\u010dki kola\u010di\u0107i \u2013 poma\u017eu nam razumjeti kako koristite webstore.<\/li>\n<li>Funkcionalni kola\u010di\u0107i \u2013 omogu\u0107uju personalizaciju i pobolj\u0161anu interakciju.<\/li>\n<li>Marketin\u0161ki kola\u010di\u0107i \u2013 prikazuju relevantne oglase.<\/li>\n<\/ul>\n<p>&nbsp;<\/p>\n<h2>Upravljanje kola\u010di\u0107ima<\/h2>\n<p>Postavke kola\u010di\u0107a mo\u017eete promijeniti u bilo kojem trenutku klikom na gumb za upravljanje kola\u010di\u0107ima na webstoreu. Tako\u0111er, mo\u017eete prilagoditi ili blokirati kola\u010di\u0107e preko postavki va\u0161eg web preglednika:<\/p>\n<ul>\n<li>Chrome: <a href=\"https:\/\/support.google.com\/accounts\/answer\/32050\" target=\"_blank\" rel=\"noopener\">upute<\/a><\/li>\n<li>Safari: <a href=\"https:\/\/support.apple.com\/en-in\/guide\/safari\/sfri11471\/mac\" target=\"_blank\" rel=\"noopener\">upute<\/a><\/li>\n<li>Firefox: <a href=\"https:\/\/support.mozilla.org\/en-US\/kb\/clear-cookies-and-site-data-firefox?redirectslug=delete-cookies-remove-info-websites-stored&amp;redirectlocale=en-US\" target=\"_blank\" rel=\"noopener\">upute<\/a><\/li>\n<li>Microsoft Edge: <a href=\"https:\/\/support.microsoft.com\/en-us\/windows\/manage-cookies-in-microsoft-edge-view-allow-block-delete-and-use-168dab11-0753-043d-7c16-ede5947fc64d\" target=\"_blank\" rel=\"noopener\">upute<\/a><\/li>\n<\/ul>\n<p>Za ostale preglednike, molimo provjerite slu\u017ebenu podr\u0161ku proizvo\u0111a\u010da.<\/p>\n<p>&nbsp;<\/p>\n<p>[\/et_pb_text][\/et_pb_column][\/et_pb_row][\/et_pb_section]<\/p>\n","protected":false},"excerpt":{"rendered":"<p>Politika kola\u010di\u0107aNa Alba-Derm webstoreu koristimo kola\u010di\u0107e i sli\u010dne tehnologije za pobolj\u0161anje iskustva kupovine, analizu posjeta i personalizaciju sadr\u017eaja. Kola\u010di\u0107i nam poma\u017eu da razumijemo kako koristite na\u0161 webstore i omogu\u0107ujemo vam kontrolu nad va\u0161im postavkama privatnosti. &nbsp;\u0160to su kola\u010di\u0107i? Kola\u010di\u0107i su male tekstualne datoteke koje se pohranjuju na va\u0161 ure\u0111aj kada posjetite na\u0161 webstore. Poma\u017eu nam [&hellip;]<\/p>\n","protected":false},"author":1,"featured_media":0,"parent":0,"menu_order":0,"comment_status":"closed","ping_status":"closed","template":"","meta":{"_et_pb_use_builder":"on","_et_pb_old_content":"","_et_gb_content_width":"","footnotes":""},"class_list":["post-100631","page","type-page","status-publish","hentry"],"_links":{"self":[{"href":"https:\/\/alba-derm.com\/en\/wp-json\/wp\/v2\/pages\/100631","targetHints":{"allow":["GET"]}}],"collection":[{"href":"https:\/\/alba-derm.com\/en\/wp-json\/wp\/v2\/pages"}],"about":[{"href":"https:\/\/alba-derm.com\/en\/wp-json\/wp\/v2\/types\/page"}],"author":[{"embeddable":true,"href":"https:\/\/alba-derm.com\/en\/wp-json\/wp\/v2\/users\/1"}],"replies":[{"embeddable":true,"href":"https:\/\/alba-derm.com\/en\/wp-json\/wp\/v2\/comments?post=100631"}],"version-history":[{"count":5,"href":"https:\/\/alba-derm.com\/en\/wp-json\/wp\/v2\/pages\/100631\/revisions"}],"predecessor-version":[{"id":100892,"href":"https:\/\/alba-derm.com\/en\/wp-json\/wp\/v2\/pages\/100631\/revisions\/100892"}],"wp:attachment":[{"href":"https:\/\/alba-derm.com\/en\/wp-json\/wp\/v2\/media?parent=100631"}],"curies":[{"name":"wp","href":"https:\/\/api.w.org\/{rel}","templated":true}]}}